{"id":6,"date":"2020-06-01T08:10:22","date_gmt":"2020-06-01T08:10:22","guid":{"rendered":"http:\/\/www.elaimista-elinvoimaa.com\/?page_id=6"},"modified":"2023-09-14T18:30:28","modified_gmt":"2023-09-14T18:30:28","slug":"etusivu","status":"publish","type":"page","link":"https:\/\/elaimista-elinvoimaa.com\/","title":{"rendered":"Meist\u00e4"},"content":{"rendered":"\n<div class=\"wp-block-columns is-layout-flex wp-container-core-columns-is-layout-9d6595d7 wp-block-columns-is-layout-flex\">\n<div class=\"wp-block-column is-layout-flow wp-block-column-is-layout-flow\">\n<p>El\u00e4imist\u00e4 elinvoimaa ry on vuonna 2013 perustettu voittoa tavoittelematon yhdistys, joka tuottaa el\u00e4inavusteista terapiaa, kuntoutusta ja tukea sek\u00e4 sosiaalipedagogista hevostoimintaa oman el\u00e4m\u00e4nhallinnan parantamiseksi ja syrj\u00e4ytymisen ehk\u00e4isemiseksi. Yhdistyksen tarkoituksena on el\u00e4inavusteisen- ja sosiaalipedagogisen toiminnan keinoin edist\u00e4\u00e4 ja parantaa mielenterveyskuntoutujien, erityist\u00e4 tukea tarvitsevien ja syrj\u00e4\u00e4ntymisvaarassa olevien henkil\u00f6iden, lasten ja nuorten fyysist\u00e4, psyykkist\u00e4 ja sosiaalista toimintakyky\u00e4 sek\u00e4 oman el\u00e4m\u00e4nhallintaa.<\/p>\n<\/div>\n\n\n\n<div class=\"wp-block-column is-layout-flow wp-block-column-is-layout-flow\">\n<figure class=\"wp-block-image size-large is-resized\"><img loading=\"lazy\" decoding=\"async\" src=\"https:\/\/elaimista-elinvoimaa.com\/wp-content\/uploads\/2020\/07\/elaimistaelinvoimaa.png\" alt=\"El\u00e4imist\u00e4 elinvoimaa logo\" class=\"wp-image-138\" width=\"333\" height=\"333\" srcset=\"https:\/\/elaimista-elinvoimaa.com\/wp-content\/uploads\/2020\/07\/elaimistaelinvoimaa.png 567w, https:\/\/elaimista-elinvoimaa.com\/wp-content\/uploads\/2020\/07\/elaimistaelinvoimaa-300x300.png 300w, https:\/\/elaimista-elinvoimaa.com\/wp-content\/uploads\/2020\/07\/elaimistaelinvoimaa-150x150.png 150w\" sizes=\"auto, (max-width: 333px) 100vw, 333px\" \/><\/figure>\n<\/div>\n<\/div>\n\n\n\n<p>Yhdistys on tuottanut kuntouttavaa ty\u00f6toimintaa pitk\u00e4aikaisty\u00f6tt\u00f6mille yhteisty\u00f6ss\u00e4 Forssan kaupungin Ty\u00f6voiton sek\u00e4 Forssan seudun hyvinvointikuntayhtym\u00e4n nuorten ty\u00f6llisyyspalveluiden Ohjaamon kanssa vuosina 2015 \u2013 2018. Toimintamalli, jota yhdistys tuottaa on pilotoitu v. 2015 ja ker\u00e4ttyjen asiakaspalautteiden avulla todettu eritt\u00e4in toimivaksi kuntouttavassa ty\u00f6toiminnassa.<\/p>\n\n\n\n<div class=\"wp-block-columns is-layout-flex wp-container-core-columns-is-layout-9d6595d7 wp-block-columns-is-layout-flex\">\n<div class=\"wp-block-column is-layout-flow wp-block-column-is-layout-flow\">\n<figure class=\"wp-block-image size-large is-resized\"><img loading=\"lazy\" decoding=\"async\" src=\"https:\/\/elaimista-elinvoimaa.com\/wp-content\/uploads\/2020\/07\/kunniakirja-880x1024.jpg\" alt=\"kunniakirja\" class=\"wp-image-139\" width=\"335\" height=\"390\" srcset=\"https:\/\/elaimista-elinvoimaa.com\/wp-content\/uploads\/2020\/07\/kunniakirja-880x1024.jpg 880w, https:\/\/elaimista-elinvoimaa.com\/wp-content\/uploads\/2020\/07\/kunniakirja-258x300.jpg 258w, https:\/\/elaimista-elinvoimaa.com\/wp-content\/uploads\/2020\/07\/kunniakirja-768x894.jpg 768w, https:\/\/elaimista-elinvoimaa.com\/wp-content\/uploads\/2020\/07\/kunniakirja-1320x1536.jpg 1320w, https:\/\/elaimista-elinvoimaa.com\/wp-content\/uploads\/2020\/07\/kunniakirja.jpg 1368w\" sizes=\"auto, (max-width: 335px) 100vw, 335px\" \/><figcaption class=\"wp-element-caption\">Forssan kaupungin vuoden 2017 kuntouttavan ty\u00f6toiminnan yhteisty\u00f6kumppani<\/figcaption><\/figure>\n<\/div>\n\n\n\n<div class=\"wp-block-column is-layout-flow wp-block-column-is-layout-flow\">\n<p>Yhdistys valittiin Forssan kaupungin vuoden 2017 kuntouttavan ty\u00f6toiminnan yhteisty\u00f6kumppaniksi. Valinnan perusteena oli hyvin sujunut yhteisty\u00f6 El\u00e4imist\u00e4 elinvoimaa ry:n kanssa ja uudenlainen tekeminen yhdess\u00e4 el\u00e4inten kanssa.<\/p>\n\n\n\n<p>Yhdistyksen pohjana toimii Janakkalassa Mallinkaisten kyl\u00e4ss\u00e4. Tilalla asustelee kanoja, kaksi kukkoa, minipossusiskokset, vuohia, hevosia, kani, Suomenlapinkoira, ankkoja sek\u00e4 nelj\u00e4 kissaa. Kaikki el\u00e4imet toimivat asiakasty\u00f6ss\u00e4 ja osallistuvat omalta osaltaan kuntouttavan ty\u00f6toiminnan ryhm\u00e4toimintaan.<\/p>\n<\/div>\n<\/div>\n\n\n\n<p>Yhdistyksen instagram tili l\u00f6ytyy <a href=\"https:\/\/www.instagram.com\/elaimistaelinvoimaa\/\" target=\"_blank\" rel=\"noreferrer noopener\">@elaimistaelinvoimaa<\/a> . <\/p>\n\n\n\n<h2 class=\"wp-block-heading\">About us <\/h2>\n\n\n\n<p>El\u00e4imist\u00e4 elinvoimaa ry was founded in 2013 as a non-profit organization that gives animal-based therapy, rehabilitation, support as well as equine assisted social education for the purpose of preventing social exclusion and aid help gain control of one&#8217;s own ways of living. The goal of the organization is to aid people, especially those needing extra support and who are in the risk of social exclusion, with social, physical, psychological prowess, as well as gaining overall control on one&#8217;s way of living. This is done with the aid of animals and by social pedagogy. &nbsp;<\/p>\n\n\n\n<p>In collaboration with Ohjaamo, and town of Forssa, the organization had generated rehabilitative&nbsp;work activities through 2015-2018. In 2015 the operating model that the organization provides was created and trough collected customer feedback, it has been established to be a very well working way of rehabilitative work. &nbsp;<\/p>\n\n\n\n<p>The organization was chosen in 2017 as town of Forsa&#8217;s cooperation partner in rehabilitive work. This was due to how well Elaimista elinvoimaa cooperated and the new way of working with animals. &nbsp;<\/p>\n\n\n\n<p>The organization is based in Janakkala, in Mallinkaises village. The farm houses chickens, two roosters, pair of pig sisters, goats, horses, a bunny, a Finnish lap hound, ducks and four cats. All animals work with customers of the organization and in their own way are part of the rehabilitve work. \u00a0<\/p>\n\n\n\n<p>Instagram <a href=\"https:\/\/www.instagram.com\/elaimistaelinvoimaa\/\" target=\"_blank\" rel=\"noreferrer noopener\">@elaimistaelinvoimaa<\/a> .<\/p>\n","protected":false},"excerpt":{"rendered":"<p>El\u00e4imist\u00e4 elinvoimaa ry on vuonna 2013 perustettu voittoa tavoittelematon yhdistys, joka tuottaa el\u00e4inavusteista terapiaa, kuntoutusta ja tukea sek\u00e4 sosiaalipedagogista hevostoimintaa oman el\u00e4m\u00e4nhallinnan parantamiseksi ja syrj\u00e4ytymisen ehk\u00e4isemiseksi. Yhdistyksen tarkoituksena on el\u00e4inavusteisen- ja sosiaalipedagogisen toiminnan keinoin edist\u00e4\u00e4 ja parantaa mielenterveyskuntoutujien, erityist\u00e4 tukea tarvitsevien ja syrj\u00e4\u00e4ntymisvaarassa olevien henkil\u00f6iden, lasten ja nuorten fyysist\u00e4, psyykkist\u00e4 ja sosiaalista toimintakyky\u00e4 sek\u00e4 oman &hellip; <a href=\"https:\/\/elaimista-elinvoimaa.com\/\" class=\"more-link\">Jatka artikkeliin <span class=\"screen-reader-text\">Meist\u00e4<\/span><\/a><\/p>\n","protected":false},"author":1,"featured_media":0,"parent":0,"menu_order":0,"comment_status":"closed","ping_status":"closed","template":"","meta":{"footnotes":""},"class_list":["post-6","page","type-page","status-publish","hentry"],"yoast_head":"<!-- This site is optimized with the Yoast SEO plugin v20.5 - https:\/\/yoast.com\/wordpress\/plugins\/seo\/ -->\n<title>El&auml;imist&auml; elinvoimaa ry<\/title>\n<meta name=\"robots\" content=\"index, follow, max-snippet:-1, max-image-preview:large, max-video-preview:-1\" \/>\n<link rel=\"canonical\" href=\"https:\/\/elaimista-elinvoimaa.com\/\" \/>\n<meta property=\"og:locale\" content=\"fi_FI\" \/>\n<meta property=\"og:type\" content=\"article\" \/>\n<meta property=\"og:title\" content=\"El&auml;imist&auml; elinvoimaa ry\" \/>\n<meta property=\"og:description\" content=\"El\u00e4imist\u00e4 elinvoimaa ry on vuonna 2013 perustettu voittoa tavoittelematon yhdistys, joka tuottaa el\u00e4inavusteista terapiaa, kuntoutusta ja tukea sek\u00e4 sosiaalipedagogista hevostoimintaa oman el\u00e4m\u00e4nhallinnan parantamiseksi ja syrj\u00e4ytymisen ehk\u00e4isemiseksi. Yhdistyksen tarkoituksena on el\u00e4inavusteisen- ja sosiaalipedagogisen toiminnan keinoin edist\u00e4\u00e4 ja parantaa mielenterveyskuntoutujien, erityist\u00e4 tukea tarvitsevien ja syrj\u00e4\u00e4ntymisvaarassa olevien henkil\u00f6iden, lasten ja nuorten fyysist\u00e4, psyykkist\u00e4 ja sosiaalista toimintakyky\u00e4 sek\u00e4 oman &hellip; Jatka artikkeliin Meist\u00e4\" \/>\n<meta property=\"og:url\" content=\"https:\/\/elaimista-elinvoimaa.com\/\" \/>\n<meta property=\"og:site_name\" content=\"El&auml;imist&auml; elinvoimaa ry\" \/>\n<meta property=\"article:modified_time\" content=\"2023-09-14T18:30:28+00:00\" \/>\n<meta property=\"og:image\" content=\"https:\/\/elaimista-elinvoimaa.com\/wp-content\/uploads\/2020\/07\/elaimistaelinvoimaa.png\" \/>\n<meta name=\"twitter:card\" content=\"summary_large_image\" \/>\n<meta name=\"twitter:label1\" content=\"Arvioitu lukuaika\" \/>\n\t<meta name=\"twitter:data1\" content=\"3 minuuttia\" \/>\n<script type=\"application\/ld+json\" class=\"yoast-schema-graph\">{\"@context\":\"https:\/\/schema.org\",\"@graph\":[{\"@type\":\"WebPage\",\"@id\":\"https:\/\/elaimista-elinvoimaa.com\/\",\"url\":\"https:\/\/elaimista-elinvoimaa.com\/\",\"name\":\"El&auml;imist&auml; elinvoimaa ry\",\"isPartOf\":{\"@id\":\"https:\/\/elaimista-elinvoimaa.com\/#website\"},\"datePublished\":\"2020-06-01T08:10:22+00:00\",\"dateModified\":\"2023-09-14T18:30:28+00:00\",\"breadcrumb\":{\"@id\":\"https:\/\/elaimista-elinvoimaa.com\/#breadcrumb\"},\"inLanguage\":\"fi\",\"potentialAction\":[{\"@type\":\"ReadAction\",\"target\":[\"https:\/\/elaimista-elinvoimaa.com\/\"]}]},{\"@type\":\"BreadcrumbList\",\"@id\":\"https:\/\/elaimista-elinvoimaa.com\/#breadcrumb\",\"itemListElement\":[{\"@type\":\"ListItem\",\"position\":1,\"name\":\"Home\",\"item\":\"https:\/\/elaimista-elinvoimaa.com\/\"},{\"@type\":\"ListItem\",\"position\":2,\"name\":\"Meist\u00e4\"}]},{\"@type\":\"WebSite\",\"@id\":\"https:\/\/elaimista-elinvoimaa.com\/#website\",\"url\":\"https:\/\/elaimista-elinvoimaa.com\/\",\"name\":\"El&auml;imist&auml; elinvoimaa ry\",\"description\":\"El&auml;imist&auml; elinvoimaa ry on vuonna 2013 perustettu voittoa tavoittelematon yhdistys.\",\"publisher\":{\"@id\":\"https:\/\/elaimista-elinvoimaa.com\/#organization\"},\"potentialAction\":[{\"@type\":\"SearchAction\",\"target\":{\"@type\":\"EntryPoint\",\"urlTemplate\":\"https:\/\/elaimista-elinvoimaa.com\/?s={search_term_string}\"},\"query-input\":\"required name=search_term_string\"}],\"inLanguage\":\"fi\"},{\"@type\":\"Organization\",\"@id\":\"https:\/\/elaimista-elinvoimaa.com\/#organization\",\"name\":\"El\u00e4imist\u00e4 elinvoimaa Ry\",\"url\":\"https:\/\/elaimista-elinvoimaa.com\/\",\"logo\":{\"@type\":\"ImageObject\",\"inLanguage\":\"fi\",\"@id\":\"https:\/\/elaimista-elinvoimaa.com\/#\/schema\/logo\/image\/\",\"url\":\"https:\/\/elaimista-elinvoimaa.com\/wp-content\/uploads\/2020\/07\/elaimistaelinvoimaa.png\",\"contentUrl\":\"https:\/\/elaimista-elinvoimaa.com\/wp-content\/uploads\/2020\/07\/elaimistaelinvoimaa.png\",\"width\":567,\"height\":567,\"caption\":\"El\u00e4imist\u00e4 elinvoimaa Ry\"},\"image\":{\"@id\":\"https:\/\/elaimista-elinvoimaa.com\/#\/schema\/logo\/image\/\"}}]}<\/script>\n<!-- \/ Yoast SEO plugin. -->","yoast_head_json":{"title":"El&auml;imist&auml; elinvoimaa ry","robots":{"index":"index","follow":"follow","max-snippet":"max-snippet:-1","max-image-preview":"max-image-preview:large","max-video-preview":"max-video-preview:-1"},"canonical":"https:\/\/elaimista-elinvoimaa.com\/","og_locale":"fi_FI","og_type":"article","og_title":"El&auml;imist&auml; elinvoimaa ry","og_description":"El\u00e4imist\u00e4 elinvoimaa ry on vuonna 2013 perustettu voittoa tavoittelematon yhdistys, joka tuottaa el\u00e4inavusteista terapiaa, kuntoutusta ja tukea sek\u00e4 sosiaalipedagogista hevostoimintaa oman el\u00e4m\u00e4nhallinnan parantamiseksi ja syrj\u00e4ytymisen ehk\u00e4isemiseksi. Yhdistyksen tarkoituksena on el\u00e4inavusteisen- ja sosiaalipedagogisen toiminnan keinoin edist\u00e4\u00e4 ja parantaa mielenterveyskuntoutujien, erityist\u00e4 tukea tarvitsevien ja syrj\u00e4\u00e4ntymisvaarassa olevien henkil\u00f6iden, lasten ja nuorten fyysist\u00e4, psyykkist\u00e4 ja sosiaalista toimintakyky\u00e4 sek\u00e4 oman &hellip; Jatka artikkeliin Meist\u00e4","og_url":"https:\/\/elaimista-elinvoimaa.com\/","og_site_name":"El&auml;imist&auml; elinvoimaa ry","article_modified_time":"2023-09-14T18:30:28+00:00","og_image":[{"url":"https:\/\/elaimista-elinvoimaa.com\/wp-content\/uploads\/2020\/07\/elaimistaelinvoimaa.png"}],"twitter_card":"summary_large_image","twitter_misc":{"Arvioitu lukuaika":"3 minuuttia"},"schema":{"@context":"https:\/\/schema.org","@graph":[{"@type":"WebPage","@id":"https:\/\/elaimista-elinvoimaa.com\/","url":"https:\/\/elaimista-elinvoimaa.com\/","name":"El&auml;imist&auml; elinvoimaa ry","isPartOf":{"@id":"https:\/\/elaimista-elinvoimaa.com\/#website"},"datePublished":"2020-06-01T08:10:22+00:00","dateModified":"2023-09-14T18:30:28+00:00","breadcrumb":{"@id":"https:\/\/elaimista-elinvoimaa.com\/#breadcrumb"},"inLanguage":"fi","potentialAction":[{"@type":"ReadAction","target":["https:\/\/elaimista-elinvoimaa.com\/"]}]},{"@type":"BreadcrumbList","@id":"https:\/\/elaimista-elinvoimaa.com\/#breadcrumb","itemListElement":[{"@type":"ListItem","position":1,"name":"Home","item":"https:\/\/elaimista-elinvoimaa.com\/"},{"@type":"ListItem","position":2,"name":"Meist\u00e4"}]},{"@type":"WebSite","@id":"https:\/\/elaimista-elinvoimaa.com\/#website","url":"https:\/\/elaimista-elinvoimaa.com\/","name":"El&auml;imist&auml; elinvoimaa ry","description":"El&auml;imist&auml; elinvoimaa ry on vuonna 2013 perustettu voittoa tavoittelematon yhdistys.","publisher":{"@id":"https:\/\/elaimista-elinvoimaa.com\/#organization"},"potentialAction":[{"@type":"SearchAction","target":{"@type":"EntryPoint","urlTemplate":"https:\/\/elaimista-elinvoimaa.com\/?s={search_term_string}"},"query-input":"required name=search_term_string"}],"inLanguage":"fi"},{"@type":"Organization","@id":"https:\/\/elaimista-elinvoimaa.com\/#organization","name":"El\u00e4imist\u00e4 elinvoimaa Ry","url":"https:\/\/elaimista-elinvoimaa.com\/","logo":{"@type":"ImageObject","inLanguage":"fi","@id":"https:\/\/elaimista-elinvoimaa.com\/#\/schema\/logo\/image\/","url":"https:\/\/elaimista-elinvoimaa.com\/wp-content\/uploads\/2020\/07\/elaimistaelinvoimaa.png","contentUrl":"https:\/\/elaimista-elinvoimaa.com\/wp-content\/uploads\/2020\/07\/elaimistaelinvoimaa.png","width":567,"height":567,"caption":"El\u00e4imist\u00e4 elinvoimaa Ry"},"image":{"@id":"https:\/\/elaimista-elinvoimaa.com\/#\/schema\/logo\/image\/"}}]}},"_links":{"self":[{"href":"https:\/\/elaimista-elinvoimaa.com\/index.php?rest_route=\/wp\/v2\/pages\/6","targetHints":{"allow":["GET"]}}],"collection":[{"href":"https:\/\/elaimista-elinvoimaa.com\/index.php?rest_route=\/wp\/v2\/pages"}],"about":[{"href":"https:\/\/elaimista-elinvoimaa.com\/index.php?rest_route=\/wp\/v2\/types\/page"}],"author":[{"embeddable":true,"href":"https:\/\/elaimista-elinvoimaa.com\/index.php?rest_route=\/wp\/v2\/users\/1"}],"replies":[{"embeddable":true,"href":"https:\/\/elaimista-elinvoimaa.com\/index.php?rest_route=%2Fwp%2Fv2%2Fcomments&post=6"}],"version-history":[{"count":25,"href":"https:\/\/elaimista-elinvoimaa.com\/index.php?rest_route=\/wp\/v2\/pages\/6\/revisions"}],"predecessor-version":[{"id":548,"href":"https:\/\/elaimista-elinvoimaa.com\/index.php?rest_route=\/wp\/v2\/pages\/6\/revisions\/548"}],"wp:attachment":[{"href":"https:\/\/elaimista-elinvoimaa.com\/index.php?rest_route=%2Fwp%2Fv2%2Fmedia&parent=6"}],"curies":[{"name":"wp","href":"https:\/\/api.w.org\/{rel}","templated":true}]}}