{"id":11,"date":"2020-06-01T08:15:09","date_gmt":"2020-06-01T08:15:09","guid":{"rendered":"http:\/\/www.elaimista-elinvoimaa.com\/?page_id=11"},"modified":"2025-12-08T15:26:39","modified_gmt":"2025-12-08T15:26:39","slug":"muistoissamme","status":"publish","type":"page","link":"https:\/\/elaimista-elinvoimaa.com\/?page_id=11","title":{"rendered":"Muistoissamme"},"content":{"rendered":"\n<div class=\"wp-block-columns is-layout-flex wp-container-core-columns-is-layout-9d6595d7 wp-block-columns-is-layout-flex\">\n<div class=\"wp-block-column is-layout-flow wp-block-column-is-layout-flow\">\n<blockquote class=\"wp-block-quote is-layout-flow wp-block-quote-is-layout-flow\">\n<p class=\"has-small-font-size\">Taas valo viilt\u00e4\u00e4 taivaanrantaa,<\/p>\n\n\n\n<p class=\"has-small-font-size\">se p\u00e4iv\u00e4n y\u00f6st\u00e4 erottaa.<\/p>\n\n\n\n<p class=\"has-small-font-size\">On tullut aika pois se antaa,<\/p>\n\n\n\n<p class=\"has-small-font-size\">jota niin paljon rakastaa <img decoding=\"async\" style=\"width: 20px;\" src=\"https:\/\/fonts.gstatic.com\/s\/e\/notoemoji\/15.0\/2764_fe0f\/72.png\" alt=\"\u2764\ufe0f\"><\/p>\n\n\n\n<p class=\"has-small-font-size\">Sen j\u00e4rjell\u00e4 me ymm\u00e4rr\u00e4mme,<\/p>\n\n\n\n<p class=\"has-small-font-size\">kun toinen l\u00e4htee, toinen j\u00e4\u00e4 <img decoding=\"async\" style=\"width: 20px;\" src=\"https:\/\/fonts.gstatic.com\/s\/e\/notoemoji\/15.0\/2764_fe0f\/72.png\" alt=\"\u2764\ufe0f\"><\/p>\n\n\n\n<p class=\"has-small-font-size\">Vain pieni lapsi sis\u00e4ll\u00e4mme,<\/p>\n\n\n\n<p class=\"has-small-font-size\">ei sit\u00e4 tahdo k\u00e4sitt\u00e4\u00e4 <img decoding=\"async\" style=\"width: 20px;\" src=\"https:\/\/fonts.gstatic.com\/s\/e\/notoemoji\/15.0\/2764_fe0f\/72.png\" alt=\"\u2764\ufe0f\"><\/p>\n\n\n\n<p class=\"has-small-font-size\">Hyv\u00e4\u00e4 matkaa, hyv\u00e4\u00e4 matkaa<\/p>\n\n\n\n<p class=\"has-small-font-size\">kulje kanssa enkelin.<\/p>\n\n\n\n<p class=\"has-small-font-size\">Hyv\u00e4\u00e4 matkaa, hyv\u00e4\u00e4 matkaa<\/p>\n\n\n\n<p class=\"has-small-font-size\">sinua paljon rakastin <img decoding=\"async\" style=\"width: 20px;\" src=\"https:\/\/fonts.gstatic.com\/s\/e\/notoemoji\/15.0\/2764_fe0f\/72.png\" alt=\"\u2764\ufe0f\"><\/p>\n<\/blockquote>\n<\/div>\n<\/div>\n\n\n\n<div class=\"wp-block-columns is-layout-flex wp-container-core-columns-is-layout-9d6595d7 wp-block-columns-is-layout-flex\">\n<div class=\"wp-block-column is-layout-flow wp-block-column-is-layout-flow\">\n<ul class=\"wp-block-list\">\n<li>Pekko<\/li>\n\n\n\n<li>Toivo<\/li>\n\n\n\n<li>Piiparinen<\/li>\n\n\n\n<li>Paavali<\/li>\n\n\n\n<li>Sakke<\/li>\n\n\n\n<li>Pilli<\/li>\n\n\n\n<li>Usko-Eevertti<\/li>\n\n\n\n<li>Alli<\/li>\n\n\n\n<li>Sini<\/li>\n\n\n\n<li>Samu<\/li>\n\n\n\n<li>Pasi<\/li>\n\n\n\n<li>Usko<\/li>\n\n\n\n<li>Keisari Pulla<\/li>\n\n\n\n<li>Seppo<\/li>\n\n\n\n<li>Hermanni<\/li>\n\n\n\n<li>Nala ja Nikita<\/li>\n\n\n\n<li>Pauli<\/li>\n\n\n\n<li>Aamos<\/li>\n<\/ul>\n<\/div>\n<\/div>\n","protected":false},"excerpt":{"rendered":"<p>Taas valo viilt\u00e4\u00e4 taivaanrantaa, se p\u00e4iv\u00e4n y\u00f6st\u00e4 erottaa. On tullut aika pois se antaa, jota niin paljon rakastaa Sen j\u00e4rjell\u00e4 me ymm\u00e4rr\u00e4mme, kun toinen l\u00e4htee, toinen j\u00e4\u00e4 Vain pieni lapsi sis\u00e4ll\u00e4mme, ei sit\u00e4 tahdo k\u00e4sitt\u00e4\u00e4 Hyv\u00e4\u00e4 matkaa, hyv\u00e4\u00e4 matkaa kulje kanssa enkelin. Hyv\u00e4\u00e4 matkaa, hyv\u00e4\u00e4 matkaa sinua paljon rakastin<\/p>\n","protected":false},"author":1,"featured_media":0,"parent":0,"menu_order":4,"comment_status":"closed","ping_status":"closed","template":"","meta":{"footnotes":""},"class_list":["post-11","page","type-page","status-publish","hentry"],"yoast_head":"<!-- This site is optimized with the Yoast SEO plugin v20.5 - https:\/\/yoast.com\/wordpress\/plugins\/seo\/ -->\n<title>El&auml;imist&auml; elinvoimaa ry<\/title>\n<meta name=\"description\" content=\"Luotamme poistuneet rakkaat el\u00e4intoverit.\" \/>\n<meta name=\"robots\" content=\"index, follow, max-snippet:-1, max-image-preview:large, max-video-preview:-1\" \/>\n<link rel=\"canonical\" href=\"https:\/\/elaimista-elinvoimaa.com\/?page_id=11\" \/>\n<meta property=\"og:locale\" content=\"fi_FI\" \/>\n<meta property=\"og:type\" content=\"article\" \/>\n<meta property=\"og:title\" content=\"El&auml;imist&auml; elinvoimaa ry\" \/>\n<meta property=\"og:description\" content=\"Luotamme poistuneet rakkaat el\u00e4intoverit.\" \/>\n<meta property=\"og:url\" content=\"https:\/\/elaimista-elinvoimaa.com\/?page_id=11\" \/>\n<meta property=\"og:site_name\" content=\"El&auml;imist&auml; elinvoimaa ry\" \/>\n<meta property=\"article:modified_time\" content=\"2025-12-08T15:26:39+00:00\" \/>\n<meta property=\"og:image\" content=\"https:\/\/fonts.gstatic.com\/s\/e\/notoemoji\/15.0\/2764_fe0f\/72.png\" \/>\n<meta name=\"twitter:card\" content=\"summary_large_image\" \/>\n<meta name=\"twitter:label1\" content=\"Arvioitu lukuaika\" \/>\n\t<meta name=\"twitter:data1\" content=\"2 minuuttia\" \/>\n<script type=\"application\/ld+json\" class=\"yoast-schema-graph\">{\"@context\":\"https:\/\/schema.org\",\"@graph\":[{\"@type\":\"WebPage\",\"@id\":\"https:\/\/elaimista-elinvoimaa.com\/?page_id=11\",\"url\":\"https:\/\/elaimista-elinvoimaa.com\/?page_id=11\",\"name\":\"El&auml;imist&auml; elinvoimaa ry\",\"isPartOf\":{\"@id\":\"https:\/\/elaimista-elinvoimaa.com\/#website\"},\"datePublished\":\"2020-06-01T08:15:09+00:00\",\"dateModified\":\"2025-12-08T15:26:39+00:00\",\"description\":\"Luotamme poistuneet rakkaat el\u00e4intoverit.\",\"breadcrumb\":{\"@id\":\"https:\/\/elaimista-elinvoimaa.com\/?page_id=11#breadcrumb\"},\"inLanguage\":\"fi\",\"potentialAction\":[{\"@type\":\"ReadAction\",\"target\":[\"https:\/\/elaimista-elinvoimaa.com\/?page_id=11\"]}]},{\"@type\":\"BreadcrumbList\",\"@id\":\"https:\/\/elaimista-elinvoimaa.com\/?page_id=11#breadcrumb\",\"itemListElement\":[{\"@type\":\"ListItem\",\"position\":1,\"name\":\"Home\",\"item\":\"https:\/\/elaimista-elinvoimaa.com\/\"},{\"@type\":\"ListItem\",\"position\":2,\"name\":\"Muistoissamme\"}]},{\"@type\":\"WebSite\",\"@id\":\"https:\/\/elaimista-elinvoimaa.com\/#website\",\"url\":\"https:\/\/elaimista-elinvoimaa.com\/\",\"name\":\"El&auml;imist&auml; elinvoimaa ry\",\"description\":\"El&auml;imist&auml; elinvoimaa ry on vuonna 2013 perustettu voittoa tavoittelematon yhdistys.\",\"publisher\":{\"@id\":\"https:\/\/elaimista-elinvoimaa.com\/#organization\"},\"potentialAction\":[{\"@type\":\"SearchAction\",\"target\":{\"@type\":\"EntryPoint\",\"urlTemplate\":\"https:\/\/elaimista-elinvoimaa.com\/?s={search_term_string}\"},\"query-input\":\"required name=search_term_string\"}],\"inLanguage\":\"fi\"},{\"@type\":\"Organization\",\"@id\":\"https:\/\/elaimista-elinvoimaa.com\/#organization\",\"name\":\"El\u00e4imist\u00e4 elinvoimaa Ry\",\"url\":\"https:\/\/elaimista-elinvoimaa.com\/\",\"logo\":{\"@type\":\"ImageObject\",\"inLanguage\":\"fi\",\"@id\":\"https:\/\/elaimista-elinvoimaa.com\/#\/schema\/logo\/image\/\",\"url\":\"https:\/\/elaimista-elinvoimaa.com\/wp-content\/uploads\/2020\/07\/elaimistaelinvoimaa.png\",\"contentUrl\":\"https:\/\/elaimista-elinvoimaa.com\/wp-content\/uploads\/2020\/07\/elaimistaelinvoimaa.png\",\"width\":567,\"height\":567,\"caption\":\"El\u00e4imist\u00e4 elinvoimaa Ry\"},\"image\":{\"@id\":\"https:\/\/elaimista-elinvoimaa.com\/#\/schema\/logo\/image\/\"}}]}<\/script>\n<!-- \/ Yoast SEO plugin. -->","yoast_head_json":{"title":"El&auml;imist&auml; elinvoimaa ry","description":"Luotamme poistuneet rakkaat el\u00e4intoverit.","robots":{"index":"index","follow":"follow","max-snippet":"max-snippet:-1","max-image-preview":"max-image-preview:large","max-video-preview":"max-video-preview:-1"},"canonical":"https:\/\/elaimista-elinvoimaa.com\/?page_id=11","og_locale":"fi_FI","og_type":"article","og_title":"El&auml;imist&auml; elinvoimaa ry","og_description":"Luotamme poistuneet rakkaat el\u00e4intoverit.","og_url":"https:\/\/elaimista-elinvoimaa.com\/?page_id=11","og_site_name":"El&auml;imist&auml; elinvoimaa ry","article_modified_time":"2025-12-08T15:26:39+00:00","og_image":[{"url":"https:\/\/fonts.gstatic.com\/s\/e\/notoemoji\/15.0\/2764_fe0f\/72.png"}],"twitter_card":"summary_large_image","twitter_misc":{"Arvioitu lukuaika":"2 minuuttia"},"schema":{"@context":"https:\/\/schema.org","@graph":[{"@type":"WebPage","@id":"https:\/\/elaimista-elinvoimaa.com\/?page_id=11","url":"https:\/\/elaimista-elinvoimaa.com\/?page_id=11","name":"El&auml;imist&auml; elinvoimaa ry","isPartOf":{"@id":"https:\/\/elaimista-elinvoimaa.com\/#website"},"datePublished":"2020-06-01T08:15:09+00:00","dateModified":"2025-12-08T15:26:39+00:00","description":"Luotamme poistuneet rakkaat el\u00e4intoverit.","breadcrumb":{"@id":"https:\/\/elaimista-elinvoimaa.com\/?page_id=11#breadcrumb"},"inLanguage":"fi","potentialAction":[{"@type":"ReadAction","target":["https:\/\/elaimista-elinvoimaa.com\/?page_id=11"]}]},{"@type":"BreadcrumbList","@id":"https:\/\/elaimista-elinvoimaa.com\/?page_id=11#breadcrumb","itemListElement":[{"@type":"ListItem","position":1,"name":"Home","item":"https:\/\/elaimista-elinvoimaa.com\/"},{"@type":"ListItem","position":2,"name":"Muistoissamme"}]},{"@type":"WebSite","@id":"https:\/\/elaimista-elinvoimaa.com\/#website","url":"https:\/\/elaimista-elinvoimaa.com\/","name":"El&auml;imist&auml; elinvoimaa ry","description":"El&auml;imist&auml; elinvoimaa ry on vuonna 2013 perustettu voittoa tavoittelematon yhdistys.","publisher":{"@id":"https:\/\/elaimista-elinvoimaa.com\/#organization"},"potentialAction":[{"@type":"SearchAction","target":{"@type":"EntryPoint","urlTemplate":"https:\/\/elaimista-elinvoimaa.com\/?s={search_term_string}"},"query-input":"required name=search_term_string"}],"inLanguage":"fi"},{"@type":"Organization","@id":"https:\/\/elaimista-elinvoimaa.com\/#organization","name":"El\u00e4imist\u00e4 elinvoimaa Ry","url":"https:\/\/elaimista-elinvoimaa.com\/","logo":{"@type":"ImageObject","inLanguage":"fi","@id":"https:\/\/elaimista-elinvoimaa.com\/#\/schema\/logo\/image\/","url":"https:\/\/elaimista-elinvoimaa.com\/wp-content\/uploads\/2020\/07\/elaimistaelinvoimaa.png","contentUrl":"https:\/\/elaimista-elinvoimaa.com\/wp-content\/uploads\/2020\/07\/elaimistaelinvoimaa.png","width":567,"height":567,"caption":"El\u00e4imist\u00e4 elinvoimaa Ry"},"image":{"@id":"https:\/\/elaimista-elinvoimaa.com\/#\/schema\/logo\/image\/"}}]}},"_links":{"self":[{"href":"https:\/\/elaimista-elinvoimaa.com\/index.php?rest_route=\/wp\/v2\/pages\/11","targetHints":{"allow":["GET"]}}],"collection":[{"href":"https:\/\/elaimista-elinvoimaa.com\/index.php?rest_route=\/wp\/v2\/pages"}],"about":[{"href":"https:\/\/elaimista-elinvoimaa.com\/index.php?rest_route=\/wp\/v2\/types\/page"}],"author":[{"embeddable":true,"href":"https:\/\/elaimista-elinvoimaa.com\/index.php?rest_route=\/wp\/v2\/users\/1"}],"replies":[{"embeddable":true,"href":"https:\/\/elaimista-elinvoimaa.com\/index.php?rest_route=%2Fwp%2Fv2%2Fcomments&post=11"}],"version-history":[{"count":24,"href":"https:\/\/elaimista-elinvoimaa.com\/index.php?rest_route=\/wp\/v2\/pages\/11\/revisions"}],"predecessor-version":[{"id":614,"href":"https:\/\/elaimista-elinvoimaa.com\/index.php?rest_route=\/wp\/v2\/pages\/11\/revisions\/614"}],"wp:attachment":[{"href":"https:\/\/elaimista-elinvoimaa.com\/index.php?rest_route=%2Fwp%2Fv2%2Fmedia&parent=11"}],"curies":[{"name":"wp","href":"https:\/\/api.w.org\/{rel}","templated":true}]}}